{"id":53,"date":"2012-03-21T20:36:54","date_gmt":"2012-03-21T18:36:54","guid":{"rendered":"http:\/\/s408509275.online.de\/?page_id=53"},"modified":"2012-09-19T10:21:40","modified_gmt":"2012-09-19T08:21:40","slug":"profil","status":"publish","type":"page","link":"http:\/\/s408509275.online.de\/?page_id=53","title":{"rendered":"Profil"},"content":{"rendered":"<p><a><img loading=\"lazy\" decoding=\"async\" class=\"size-full wp-image-182 alignnone\" title=\"42245_0000s_0003_Consulting\" src=\"http:\/\/s408509275.online.de\/wp-content\/uploads\/2012\/07\/42245_0000s_0000_Profil.png\" alt=\"\" width=\"140\" height=\"65\" \/><\/a><br \/>\n<img loading=\"lazy\" decoding=\"async\" class=\"alignright size-full wp-image-217 alignnone\" title=\"Ponnwitz1\" src=\"http:\/\/s408509275.online.de\/wp-content\/uploads\/2012\/07\/Ponnwitz1.jpg\" alt=\"\" width=\"396\" height=\"270\" srcset=\"http:\/\/s408509275.online.de\/wp-content\/uploads\/2012\/07\/Ponnwitz1.jpg 440w, http:\/\/s408509275.online.de\/wp-content\/uploads\/2012\/07\/Ponnwitz1-300x204.jpg 300w\" sizes=\"auto, (max-width: 396px) 100vw, 396px\" \/><\/p>\n<h3><strong>Aus- und Weiterbildungen:<\/strong><\/h3>\n<p>1983-1989:\t\tStudium der Betriebswirtschafslehre an der Westf\u00e4lischen Wilhelms-Universit\u00e4t M\u00fcnster; Abschluss Diplom-Kaufmann<\/p>\n<p>1999:\t\tAusbildung zum Verhaltenstrainer mit Fortbildungen in\u00a02000\/ 2001,\u00a0Dr. Baldinger &amp; Partner, B\u00fcdingen, Deutschland<\/p>\n<p>2004: \t\tAusbildung zum Co-Active Coach, The Coaches Training Institute, UK<\/p>\n<p>2005:\t\tTrainerzertifizierung (Deutscher Verband f\u00fcr Training und Coaching)<\/p>\n<p>Seit 2009 : Fortbildungen in prozessorientierter F\u00fchrung und Konfliktl\u00f6sung sowie\u00a0Gro\u00dfgruppen- Moderationen bei Max Schupbach\/ Deep Democracy Institute,\u00a0Portland, USA<\/p>\n<h3><strong>Berufliche Erfahrungen:<\/strong><\/h3>\n<p><span style=\"font-size: 15px; font-weight: bold;\"><strong>Sales und Marketing Management<\/strong><\/span><br \/>\n1990-1992: \tJunior Trade Marketing Manager im nationalen Key Account Management, Kraft Jacobs Suchard<\/p>\n<p>1993-1994: \tProjektleiter Kooperatives Handelsmarketing\/ \t\t\t\t\t\tInternationales Trade Marketing, Reemtsma<\/p>\n<p><span style=\"font-size: 15px; font-weight: bold;\"><strong>Coaching, Consulting und Training<\/strong><br \/><\/span>1996-1999: \tSelbst\u00e4ndiger Unternehmensberater, Coach und Trainer mit \t\t\t\tSchwerpunkt Marketing, Sales und Kommunikation<\/p>\n<p>2000-2003:   Senior Consultant bei dem US-amerikanischen Beratungsunternehmen AON Rath &amp; Strong mit den Schwerpunkten: Begleitung von strategischen Ver\u00e4nderungsprozessen, Six Sigma, Lean\/ Kaizen, Entwicklungsprogramme f\u00fcr F\u00fchrungskr\u00e4fte<\/p>\n<p>Seit 2004:   Selbst\u00e4ndiger Coach, Trainer und Berater mit den Schwerpunkten:<br \/>\nBegleitung von Unternehmen, Organisationen und F\u00fchrungskr\u00e4ften in  Ver\u00e4nderungsprozessen<\/p>\n<p>&#8211;\u00a0Gro\u00dfgruppen- und Managementkonferenzen<br \/>\n&#8211; Workshop- und Veranstaltungsmoderationen<br \/>\n&#8211; Kommunikations- und Konflikttrainings<br \/>\n&#8211; F\u00fchrungskr\u00e4fte-, Team- und Pers\u00f6nlichkeitsentwicklungen<br \/>\n&#8211; Prozessoptimierung und Prozess\/ Project Management insbesondere<br \/>\n&#8211; Six Sigma (Master Black Belt) und Lean\/ Kaizen<\/p>\n<p><span style=\"font-size: 15px; font-weight: bold;\"><strong>Sprachkenntnisse<\/strong><\/span><br \/>\nFlie\u00dfend in deutsch und englisch; Grundkenntnisse in franz\u00f6sisch<\/p>\n","protected":false},"excerpt":{"rendered":"<p>Aus- und Weiterbildungen: 1983-1989: Studium der Betriebswirtschafslehre an der Westf\u00e4lischen Wilhelms-Universit\u00e4t M\u00fcnster; Abschluss Diplom-Kaufmann 1999: Ausbildung zum Verhaltenstrainer mit Fortbildungen in\u00a02000\/ 2001,\u00a0Dr. Baldinger &amp; Partner, B\u00fcdingen, Deutschland 2004: Ausbildung zum Co-Active Coach, The Coaches Training Institute, UK 2005: Trainerzertifizierung (Deutscher &hellip;<\/p>\n<p class=\"read-more\"> <a class=\"more-link\" href=\"http:\/\/s408509275.online.de\/?page_id=53\"> <span class=\"screen-reader-text\">Profil<\/span> Read More &raquo;<\/a><\/p>\n","protected":false},"author":1,"featured_media":0,"parent":0,"menu_order":4,"comment_status":"closed","ping_status":"closed","template":"full-width-page.php","meta":{"footnotes":""},"class_list":["post-53","page","type-page","status-publish","hentry"],"_links":{"self":[{"href":"http:\/\/s408509275.online.de\/index.php?rest_route=\/wp\/v2\/pages\/53","targetHints":{"allow":["GET"]}}],"collection":[{"href":"http:\/\/s408509275.online.de\/index.php?rest_route=\/wp\/v2\/pages"}],"about":[{"href":"http:\/\/s408509275.online.de\/index.php?rest_route=\/wp\/v2\/types\/page"}],"author":[{"embeddable":true,"href":"http:\/\/s408509275.online.de\/index.php?rest_route=\/wp\/v2\/users\/1"}],"replies":[{"embeddable":true,"href":"http:\/\/s408509275.online.de\/index.php?rest_route=%2Fwp%2Fv2%2Fcomments&post=53"}],"version-history":[{"count":68,"href":"http:\/\/s408509275.online.de\/index.php?rest_route=\/wp\/v2\/pages\/53\/revisions"}],"predecessor-version":[{"id":137,"href":"http:\/\/s408509275.online.de\/index.php?rest_route=\/wp\/v2\/pages\/53\/revisions\/137"}],"wp:attachment":[{"href":"http:\/\/s408509275.online.de\/index.php?rest_route=%2Fwp%2Fv2%2Fmedia&parent=53"}],"curies":[{"name":"wp","href":"https:\/\/api.w.org\/{rel}","templated":true}]}}