{"id":51,"date":"2012-03-21T20:36:27","date_gmt":"2012-03-21T18:36:27","guid":{"rendered":"http:\/\/s408509275.online.de\/?page_id=51"},"modified":"2012-09-19T10:21:40","modified_gmt":"2012-09-19T08:21:40","slug":"training","status":"publish","type":"page","link":"http:\/\/s408509275.online.de\/?page_id=51","title":{"rendered":"Training"},"content":{"rendered":"<p><a><img loading=\"lazy\" decoding=\"async\" class=\"size-full wp-image-182 alignnone\" src=\"http:\/\/s408509275.online.de\/wp-content\/uploads\/2012\/07\/42245_0000s_0002_Training\" alt=\"\" width=\"140\" height=\"65\" \/><\/a><\/p>\n<h4><strong>Als Trainer ist es mein Anspruch,<\/strong><\/h4>\n<p>eine Atmosph\u00e4re und einen Raum zu schaffen, der zum Ausprobieren von neuen Verhaltensweisen und Fertigkeiten \u2013 zum eigenen Tun \u2013 einl\u00e4dt, Theorie praxistauglich und anwendbar zu vermitteln und\u00a0Kunden in maximaler Eigenverantwortung an individuelle Grenzen zu f\u00fchren, um so gr\u00f6\u00dftm\u00f6gliche Lernchancen zu bieten.<\/p>\n<h4><strong>So arbeite ich am liebsten:<\/strong><\/h4>\n<p><strong> <\/strong>&#8211; Auf \u201eAugenh\u00f6he\u201c \u2013 voller Respekt und Wertsch\u00e4tzung dem anderen gegen\u00fcber<br \/>\n&#8211; Manchmal provokant und irritierend<br \/>\n&#8211; Gern mit Spa\u00df und Humor<br \/>\n&#8211; Mit Struktur, die Raum f\u00fcr Spontaneit\u00e4t l\u00e4sst<br \/>\n&#8211; Auf der Basis eines ma\u00dfgeschneiderten Konzeptes.<\/p>\n<h4><strong> Eine Auswahl meiner Trainingsthemen:<\/strong><\/h4>\n<ul>\n<li>Pers\u00f6nlichkeitsentwicklung<\/li>\n<li>F\u00fchren in kritischen Ver\u00e4nderungssituationen<\/li>\n<li>Kommunikation und Konflikt<\/li>\n<li>F\u00fchrungskr\u00e4fteentwicklung<\/li>\n<li>Lean Six Sigma<\/li>\n<li>Projektmanagement<\/li>\n<li>Krisenmanagement<\/li>\n<\/ul>\n<h4><strong>Was mich antreibt?<\/strong><\/h4>\n<p>Die R\u00fcckmeldung der Teilnehmer, dass es mir gelungen ist,<br \/>\n&#8211; jedem einzelnen die gr\u00f6\u00dftm\u00f6gliche Lernchance zu erm\u00f6glichen,<br \/>\n&#8211; die Dynamik der Gruppe als Katalysator f\u00fcr individuelle Entwicklungsprozesse konstruktiv zu nutzen,<br \/>\n&#8211; Theorie so verst\u00e4ndlich zu vermitteln, dass sie in der Praxis auch zur effektiven Anwendung kommt  &#8211; das Training also nachhaltig wirken kann.<\/p>\n<p>Lassen Sie uns gern in einem unverbindlichen Vorgespr\u00e4ch kl\u00e4ren, ob ich der richtige Trainer f\u00fcr Sie bin. Bitte treten Sie mit mir in <span style=\"text-decoration: underline;\"><strong><a title=\"Kontakt\" href=\"http:\/\/s408509275.online.de\/?page_id=213\">Kontakt<\/a><\/strong><\/span>.<\/p>\n","protected":false},"excerpt":{"rendered":"<p>Als Trainer ist es mein Anspruch, eine Atmosph\u00e4re und einen Raum zu schaffen, der zum Ausprobieren von neuen Verhaltensweisen und Fertigkeiten \u2013 zum eigenen Tun \u2013 einl\u00e4dt, Theorie praxistauglich und anwendbar zu vermitteln und\u00a0Kunden in maximaler Eigenverantwortung an individuelle Grenzen &hellip;<\/p>\n<p class=\"read-more\"> <a class=\"more-link\" href=\"http:\/\/s408509275.online.de\/?page_id=51\"> <span class=\"screen-reader-text\">Training<\/span> Read More &raquo;<\/a><\/p>\n","protected":false},"author":1,"featured_media":0,"parent":0,"menu_order":3,"comment_status":"closed","ping_status":"closed","template":"content-sidebar-page_sk.php","meta":{"footnotes":""},"class_list":["post-51","page","type-page","status-publish","hentry"],"_links":{"self":[{"href":"http:\/\/s408509275.online.de\/index.php?rest_route=\/wp\/v2\/pages\/51","targetHints":{"allow":["GET"]}}],"collection":[{"href":"http:\/\/s408509275.online.de\/index.php?rest_route=\/wp\/v2\/pages"}],"about":[{"href":"http:\/\/s408509275.online.de\/index.php?rest_route=\/wp\/v2\/types\/page"}],"author":[{"embeddable":true,"href":"http:\/\/s408509275.online.de\/index.php?rest_route=\/wp\/v2\/users\/1"}],"replies":[{"embeddable":true,"href":"http:\/\/s408509275.online.de\/index.php?rest_route=%2Fwp%2Fv2%2Fcomments&post=51"}],"version-history":[{"count":79,"href":"http:\/\/s408509275.online.de\/index.php?rest_route=\/wp\/v2\/pages\/51\/revisions"}],"predecessor-version":[{"id":125,"href":"http:\/\/s408509275.online.de\/index.php?rest_route=\/wp\/v2\/pages\/51\/revisions\/125"}],"wp:attachment":[{"href":"http:\/\/s408509275.online.de\/index.php?rest_route=%2Fwp%2Fv2%2Fmedia&parent=51"}],"curies":[{"name":"wp","href":"https:\/\/api.w.org\/{rel}","templated":true}]}}