{"id":213,"date":"2012-07-15T20:06:15","date_gmt":"2012-07-15T18:06:15","guid":{"rendered":"http:\/\/s408509275.online.de\/?page_id=213"},"modified":"2012-09-19T10:21:41","modified_gmt":"2012-09-19T08:21:41","slug":"kontakt-3","status":"publish","type":"page","link":"http:\/\/s408509275.online.de\/?page_id=213","title":{"rendered":"Kontakt"},"content":{"rendered":"<p><a><img loading=\"lazy\" decoding=\"async\" class=\"size-full wp-image-182 alignnone\" title=\"42245_0000s_0003_Consulting\" src=\"http:\/\/s408509275.online.de\/wp-content\/uploads\/2012\/07\/42245_0000s_0005_Kontakt.png\" alt=\"\" width=\"140\" height=\"65\" \/><\/a><\/p>\n<h4><strong>\u201eDer l\u00e4ngste Marsch beginnt mit dem ersten Schritt\u201c<br \/>\n<\/strong><\/h4>\n<p><em>(chinesische Weisheit)<\/em><\/p>\n<p>Ich w\u00fcrde mich freuen, wenn Sie im n\u00e4chsten Schritt mit mir in Kontakt treten.<br \/>\nLassen Sie uns in einem unverbindlichen Gespr\u00e4ch kl\u00e4ren, ob und wie ich Sie<br \/>\neine Zeitlang auf\u00a0 Ihrem Weg begleiten darf \u2013 auf Ihrem Marsch, sozusagen.<\/p>\n<p>&nbsp;<\/p>\n","protected":false},"excerpt":{"rendered":"<p>\u201eDer l\u00e4ngste Marsch beginnt mit dem ersten Schritt\u201c (chinesische Weisheit) Ich w\u00fcrde mich freuen, wenn Sie im n\u00e4chsten Schritt mit mir in Kontakt treten. Lassen Sie uns in einem unverbindlichen Gespr\u00e4ch kl\u00e4ren, ob und wie ich Sie eine Zeitlang auf\u00a0 &hellip;<\/p>\n<p class=\"read-more\"> <a class=\"more-link\" href=\"http:\/\/s408509275.online.de\/?page_id=213\"> <span class=\"screen-reader-text\">Kontakt<\/span> Read More &raquo;<\/a><\/p>\n","protected":false},"author":1,"featured_media":0,"parent":0,"menu_order":7,"comment_status":"closed","ping_status":"closed","template":"content-sidebar-page_impressum.php","meta":{"footnotes":""},"class_list":["post-213","page","type-page","status-publish","hentry"],"_links":{"self":[{"href":"http:\/\/s408509275.online.de\/index.php?rest_route=\/wp\/v2\/pages\/213","targetHints":{"allow":["GET"]}}],"collection":[{"href":"http:\/\/s408509275.online.de\/index.php?rest_route=\/wp\/v2\/pages"}],"about":[{"href":"http:\/\/s408509275.online.de\/index.php?rest_route=\/wp\/v2\/types\/page"}],"author":[{"embeddable":true,"href":"http:\/\/s408509275.online.de\/index.php?rest_route=\/wp\/v2\/users\/1"}],"replies":[{"embeddable":true,"href":"http:\/\/s408509275.online.de\/index.php?rest_route=%2Fwp%2Fv2%2Fcomments&post=213"}],"version-history":[{"count":23,"href":"http:\/\/s408509275.online.de\/index.php?rest_route=\/wp\/v2\/pages\/213\/revisions"}],"predecessor-version":[{"id":504,"href":"http:\/\/s408509275.online.de\/index.php?rest_route=\/wp\/v2\/pages\/213\/revisions\/504"}],"wp:attachment":[{"href":"http:\/\/s408509275.online.de\/index.php?rest_route=%2Fwp%2Fv2%2Fmedia&parent=213"}],"curies":[{"name":"wp","href":"https:\/\/api.w.org\/{rel}","templated":true}]}}